{"id":11,"date":"2023-12-15T15:38:14","date_gmt":"2023-12-15T15:38:14","guid":{"rendered":"https:\/\/www.yourhousemallorca.com\/blog\/?page_id=11"},"modified":"2024-05-16T07:24:12","modified_gmt":"2024-05-16T07:24:12","slug":"blog-your-house","status":"publish","type":"page","link":"https:\/\/www.yourhousemallorca.com\/blog\/","title":{"rendered":"Viajes a Mallorca | Your House Mallorca"},"content":{"rendered":"\t\t<div data-elementor-type=\"wp-post\" data-elementor-id=\"11\" class=\"elementor elementor-11\" data-elementor-post-type=\"page\">\n\t\t\t\t\t\t\t<div class=\"elementor-element elementor-element-4b1daf8 e-flex e-con-boxed e-con e-parent\" data-id=\"4b1daf8\" data-element_type=\"container\" data-settings=\"{&quot;content_width&quot;:&quot;boxed&quot;}\" data-core-v316-plus=\"true\">\n\t\t\t\t\t<div class=\"e-con-inner\">\n\t\t\t\t<div class=\"elementor-element elementor-element-f1591bf elementor-widget elementor-widget-heading\" data-id=\"f1591bf\" data-element_type=\"widget\" data-widget_type=\"heading.default\">\n\t\t\t\t<div class=\"elementor-widget-container\">\n\t\t\t<style>\/*! elementor - v3.18.0 - 20-12-2023 *\/\n.elementor-heading-title{padding:0;margin:0;line-height:1}.elementor-widget-heading .elementor-heading-title[class*=elementor-size-]>a{color:inherit;font-size:inherit;line-height:inherit}.elementor-widget-heading .elementor-heading-title.elementor-size-small{font-size:15px}.elementor-widget-heading .elementor-heading-title.elementor-size-medium{font-size:19px}.elementor-widget-heading .elementor-heading-title.elementor-size-large{font-size:29px}.elementor-widget-heading .elementor-heading-title.elementor-size-xl{font-size:39px}.elementor-widget-heading .elementor-heading-title.elementor-size-xxl{font-size:59px}<\/style><h2 class=\"elementor-heading-title elementor-size-default\">Planifica tu viaje a Mallorca con nosotros<\/h2>\t\t<\/div>\n\t\t\t\t<\/div>\n\t\t\t\t<div class=\"elementor-element elementor-element-22c7113 elementor-widget elementor-widget-text-editor\" data-id=\"22c7113\" data-element_type=\"widget\" data-widget_type=\"text-editor.default\">\n\t\t\t\t<div class=\"elementor-widget-container\">\n\t\t\t<style>\/*! elementor - v3.18.0 - 20-12-2023 *\/\n.elementor-widget-text-editor.elementor-drop-cap-view-stacked .elementor-drop-cap{background-color:#69727d;color:#fff}.elementor-widget-text-editor.elementor-drop-cap-view-framed .elementor-drop-cap{color:#69727d;border:3px solid;background-color:transparent}.elementor-widget-text-editor:not(.elementor-drop-cap-view-default) .elementor-drop-cap{margin-top:8px}.elementor-widget-text-editor:not(.elementor-drop-cap-view-default) .elementor-drop-cap-letter{width:1em;height:1em}.elementor-widget-text-editor .elementor-drop-cap{float:left;text-align:center;line-height:1;font-size:50px}.elementor-widget-text-editor .elementor-drop-cap-letter{display:inline-block}<\/style>\t\t\t\t<p>Descubre Mallorca a trav\u00e9s de nuestra informaci\u00f3n sobre las mejores playas, actividades emocionantes, experiencias gastron\u00f3micas inolvidables y alojamientos exclusivos. Nuestro objetivo es proporcionarte toda la inspiraci\u00f3n para que <strong>tu visita a Mallorca sea una experiencia inigualable<\/strong>.<\/p>\t\t\t\t\t\t<\/div>\n\t\t\t\t<\/div>\n\t\t\t\t\t<\/div>\n\t\t\t\t<\/div>\n\t\t<div class=\"elementor-element elementor-element-f969e74 e-flex e-con-boxed e-con e-parent\" data-id=\"f969e74\" data-element_type=\"container\" data-settings=\"{&quot;content_width&quot;:&quot;boxed&quot;}\" data-core-v316-plus=\"true\">\n\t\t\t\t\t<div class=\"e-con-inner\">\n\t\t\t\t<div class=\"elementor-element elementor-element-332e399 elementor-grid-2 elementor-grid-tablet-2 elementor-grid-mobile-1 elementor-posts--thumbnail-top elementor-posts__hover-gradient elementor-widget elementor-widget-posts\" data-id=\"332e399\" data-element_type=\"widget\" data-settings=\"{&quot;cards_columns&quot;:&quot;2&quot;,&quot;cards_row_gap&quot;:{&quot;unit&quot;:&quot;px&quot;,&quot;size&quot;:70,&quot;sizes&quot;:[]},&quot;pagination_type&quot;:&quot;load_more_infinite_scroll&quot;,&quot;cards_columns_tablet&quot;:&quot;2&quot;,&quot;cards_columns_mobile&quot;:&quot;1&quot;,&quot;cards_row_gap_tablet&quot;:{&quot;unit&quot;:&quot;px&quot;,&quot;size&quot;:&quot;&quot;,&quot;sizes&quot;:[]},&quot;cards_row_gap_mobile&quot;:{&quot;unit&quot;:&quot;px&quot;,&quot;size&quot;:&quot;&quot;,&quot;sizes&quot;:[]},&quot;load_more_spinner&quot;:{&quot;value&quot;:&quot;fas fa-spinner&quot;,&quot;library&quot;:&quot;fa-solid&quot;}}\" data-widget_type=\"posts.cards\">\n\t\t\t\t<div class=\"elementor-widget-container\">\n\t\t\t<link rel=\"stylesheet\" href=\"https:\/\/www.yourhousemallorca.com\/blog\/wp-content\/plugins\/elementor-pro\/assets\/css\/widget-posts.min.css\">\t\t<div class=\"elementor-posts-container elementor-posts elementor-posts--skin-cards elementor-grid\">\n\t\t\t\t<article class=\"elementor-post elementor-grid-item post-821 post type-post status-publish format-standard has-post-thumbnail hentry category-mallorca\">\n\t\t\t<div class=\"elementor-post__card\">\n\t\t\t\t<a class=\"elementor-post__thumbnail__link\" href=\"https:\/\/www.yourhousemallorca.com\/blog\/mallorca-en-agosto\/\" tabindex=\"-1\" ><div class=\"elementor-post__thumbnail\"><img fetchpriority=\"high\" decoding=\"async\" width=\"751\" height=\"430\" src=\"https:\/\/www.yourhousemallorca.com\/blog\/wp-content\/uploads\/2024\/06\/Mallorca-en-Agosto-751x430.jpg\" class=\"attachment-post size-post wp-image-846\" alt=\"\" \/><\/div><\/a>\n\t\t\t\t<div class=\"elementor-post__badge\">Mallorca<\/div>\n\t\t\t\t<div class=\"elementor-post__text\">\n\t\t\t\t<h3 class=\"elementor-post__title\">\n\t\t\t<a href=\"https:\/\/www.yourhousemallorca.com\/blog\/mallorca-en-agosto\/\" >\n\t\t\t\tMallorca en Agosto: puro verano\t\t\t<\/a>\n\t\t<\/h3>\n\t\t\t\t<\/div>\n\t\t\t\t<div class=\"elementor-post__meta-data\">\n\t\t\t\t\t<span class=\"elementor-post-date\">\n\t\t\tjunio 17, 2024\t\t<\/span>\n\t\t\t\t<\/div>\n\t\t\t\t\t<\/div>\n\t\t<\/article>\n\t\t\t\t<article class=\"elementor-post elementor-grid-item post-812 post type-post status-publish format-standard has-post-thumbnail hentry category-mallorca\">\n\t\t\t<div class=\"elementor-post__card\">\n\t\t\t\t<a class=\"elementor-post__thumbnail__link\" href=\"https:\/\/www.yourhousemallorca.com\/blog\/barco-mallorca\/\" tabindex=\"-1\" ><div class=\"elementor-post__thumbnail\"><img decoding=\"async\" width=\"751\" height=\"430\" src=\"https:\/\/www.yourhousemallorca.com\/blog\/wp-content\/uploads\/2024\/06\/Paseo-en-barco-en-mallorca-751x430.jpg\" class=\"attachment-post size-post wp-image-834\" alt=\"Paseo en barco en mallorca\" \/><\/div><\/a>\n\t\t\t\t<div class=\"elementor-post__badge\">Mallorca<\/div>\n\t\t\t\t<div class=\"elementor-post__text\">\n\t\t\t\t<h3 class=\"elementor-post__title\">\n\t\t\t<a href=\"https:\/\/www.yourhousemallorca.com\/blog\/barco-mallorca\/\" >\n\t\t\t\tExcursi\u00f3n en barco en Mallorca: una idea maravillosa\t\t\t<\/a>\n\t\t<\/h3>\n\t\t\t\t<\/div>\n\t\t\t\t<div class=\"elementor-post__meta-data\">\n\t\t\t\t\t<span class=\"elementor-post-date\">\n\t\t\tjunio 14, 2024\t\t<\/span>\n\t\t\t\t<\/div>\n\t\t\t\t\t<\/div>\n\t\t<\/article>\n\t\t\t\t<article class=\"elementor-post elementor-grid-item post-704 post type-post status-publish format-standard has-post-thumbnail hentry category-mallorca\">\n\t\t\t<div class=\"elementor-post__card\">\n\t\t\t\t<a class=\"elementor-post__thumbnail__link\" href=\"https:\/\/www.yourhousemallorca.com\/blog\/mallorca-en-julio\/\" tabindex=\"-1\" ><div class=\"elementor-post__thumbnail\"><img decoding=\"async\" width=\"751\" height=\"430\" src=\"https:\/\/www.yourhousemallorca.com\/blog\/wp-content\/uploads\/2024\/05\/mallorca-en-julio-751x430.jpg\" class=\"attachment-post size-post wp-image-739\" alt=\"\" \/><\/div><\/a>\n\t\t\t\t<div class=\"elementor-post__badge\">Mallorca<\/div>\n\t\t\t\t<div class=\"elementor-post__text\">\n\t\t\t\t<h3 class=\"elementor-post__title\">\n\t\t\t<a href=\"https:\/\/www.yourhousemallorca.com\/blog\/mallorca-en-julio\/\" >\n\t\t\t\tMallorca en julio: \u00bfbuena \u00e9poca para visitar la isla?\t\t\t<\/a>\n\t\t<\/h3>\n\t\t\t\t<\/div>\n\t\t\t\t<div class=\"elementor-post__meta-data\">\n\t\t\t\t\t<span class=\"elementor-post-date\">\n\t\t\tmayo 15, 2024\t\t<\/span>\n\t\t\t\t<\/div>\n\t\t\t\t\t<\/div>\n\t\t<\/article>\n\t\t\t\t<article class=\"elementor-post elementor-grid-item post-698 post type-post status-publish format-standard has-post-thumbnail hentry category-mallorca\">\n\t\t\t<div class=\"elementor-post__card\">\n\t\t\t\t<a class=\"elementor-post__thumbnail__link\" href=\"https:\/\/www.yourhousemallorca.com\/blog\/puesta-sol-mallorca\/\" tabindex=\"-1\" ><div class=\"elementor-post__thumbnail\"><img loading=\"lazy\" decoding=\"async\" width=\"751\" height=\"430\" src=\"https:\/\/www.yourhousemallorca.com\/blog\/wp-content\/uploads\/2024\/05\/Puesta-de-sol-mallorca-751x430.jpg\" class=\"attachment-post size-post wp-image-733\" alt=\"Puesta-de-sol-mallorca\" \/><\/div><\/a>\n\t\t\t\t<div class=\"elementor-post__badge\">Mallorca<\/div>\n\t\t\t\t<div class=\"elementor-post__text\">\n\t\t\t\t<h3 class=\"elementor-post__title\">\n\t\t\t<a href=\"https:\/\/www.yourhousemallorca.com\/blog\/puesta-sol-mallorca\/\" >\n\t\t\t\tLas Mejores Puestas de Sol de Mallorca\t\t\t<\/a>\n\t\t<\/h3>\n\t\t\t\t<\/div>\n\t\t\t\t<div class=\"elementor-post__meta-data\">\n\t\t\t\t\t<span class=\"elementor-post-date\">\n\t\t\tmayo 15, 2024\t\t<\/span>\n\t\t\t\t<\/div>\n\t\t\t\t\t<\/div>\n\t\t<\/article>\n\t\t\t\t<article class=\"elementor-post elementor-grid-item post-586 post type-post status-publish format-standard has-post-thumbnail hentry category-mallorca\">\n\t\t\t<div class=\"elementor-post__card\">\n\t\t\t\t<a class=\"elementor-post__thumbnail__link\" href=\"https:\/\/www.yourhousemallorca.com\/blog\/mallorca-en-junio\/\" tabindex=\"-1\" ><div class=\"elementor-post__thumbnail\"><img loading=\"lazy\" decoding=\"async\" width=\"751\" height=\"430\" src=\"https:\/\/www.yourhousemallorca.com\/blog\/wp-content\/uploads\/2024\/04\/mallorca-en-junio-751x430.jpg\" class=\"attachment-post size-post wp-image-618\" alt=\"mallorca-en-junio\" \/><\/div><\/a>\n\t\t\t\t<div class=\"elementor-post__badge\">Mallorca<\/div>\n\t\t\t\t<div class=\"elementor-post__text\">\n\t\t\t\t<h3 class=\"elementor-post__title\">\n\t\t\t<a href=\"https:\/\/www.yourhousemallorca.com\/blog\/mallorca-en-junio\/\" >\n\t\t\t\tMallorca en junio: el Momento Perfecto\t\t\t<\/a>\n\t\t<\/h3>\n\t\t\t\t<\/div>\n\t\t\t\t<div class=\"elementor-post__meta-data\">\n\t\t\t\t\t<span class=\"elementor-post-date\">\n\t\t\tabril 16, 2024\t\t<\/span>\n\t\t\t\t<\/div>\n\t\t\t\t\t<\/div>\n\t\t<\/article>\n\t\t\t\t<article class=\"elementor-post elementor-grid-item post-574 post type-post status-publish format-standard has-post-thumbnail hentry category-eventos category-sin-categorizar\">\n\t\t\t<div class=\"elementor-post__card\">\n\t\t\t\t<a class=\"elementor-post__thumbnail__link\" href=\"https:\/\/www.yourhousemallorca.com\/blog\/mallorca-live-festival\/\" tabindex=\"-1\" ><div class=\"elementor-post__thumbnail\"><img loading=\"lazy\" decoding=\"async\" width=\"751\" height=\"430\" src=\"https:\/\/www.yourhousemallorca.com\/blog\/wp-content\/uploads\/2024\/04\/festival-mallorca-2024-751x430.jpg\" class=\"attachment-post size-post wp-image-596\" alt=\"festival-mallorca-2024\" \/><\/div><\/a>\n\t\t\t\t<div class=\"elementor-post__badge\">Eventos<\/div>\n\t\t\t\t<div class=\"elementor-post__text\">\n\t\t\t\t<h3 class=\"elementor-post__title\">\n\t\t\t<a href=\"https:\/\/www.yourhousemallorca.com\/blog\/mallorca-live-festival\/\" >\n\t\t\t\tMallorca Live Festival 2024: Fiesta y M\u00fasica en una Isla Paradisiaca\t\t\t<\/a>\n\t\t<\/h3>\n\t\t\t\t<\/div>\n\t\t\t\t<div class=\"elementor-post__meta-data\">\n\t\t\t\t\t<span class=\"elementor-post-date\">\n\t\t\tabril 16, 2024\t\t<\/span>\n\t\t\t\t<\/div>\n\t\t\t\t\t<\/div>\n\t\t<\/article>\n\t\t\t\t<article class=\"elementor-post elementor-grid-item post-403 post type-post status-publish format-standard has-post-thumbnail hentry category-mallorca\">\n\t\t\t<div class=\"elementor-post__card\">\n\t\t\t\t<a class=\"elementor-post__thumbnail__link\" href=\"https:\/\/www.yourhousemallorca.com\/blog\/mallorca-en-mayo\/\" tabindex=\"-1\" ><div class=\"elementor-post__thumbnail\"><img loading=\"lazy\" decoding=\"async\" width=\"751\" height=\"430\" src=\"https:\/\/www.yourhousemallorca.com\/blog\/wp-content\/uploads\/2024\/03\/Mallorca-mayo-blog-751x430.jpg\" class=\"attachment-post size-post wp-image-468\" alt=\"Mallorca en Mayo Blog\" \/><\/div><\/a>\n\t\t\t\t<div class=\"elementor-post__badge\">Mallorca<\/div>\n\t\t\t\t<div class=\"elementor-post__text\">\n\t\t\t\t<h3 class=\"elementor-post__title\">\n\t\t\t<a href=\"https:\/\/www.yourhousemallorca.com\/blog\/mallorca-en-mayo\/\" >\n\t\t\t\tMallorca en Mayo, un Para\u00edso Mediterr\u00e1neo\t\t\t<\/a>\n\t\t<\/h3>\n\t\t\t\t<\/div>\n\t\t\t\t<div class=\"elementor-post__meta-data\">\n\t\t\t\t\t<span class=\"elementor-post-date\">\n\t\t\tmarzo 20, 2024\t\t<\/span>\n\t\t\t\t<\/div>\n\t\t\t\t\t<\/div>\n\t\t<\/article>\n\t\t\t\t<article class=\"elementor-post elementor-grid-item post-397 post type-post status-publish format-standard has-post-thumbnail hentry category-actividades\">\n\t\t\t<div class=\"elementor-post__card\">\n\t\t\t\t<a class=\"elementor-post__thumbnail__link\" href=\"https:\/\/www.yourhousemallorca.com\/blog\/ironman-alcudia-mallorca\/\" tabindex=\"-1\" ><div class=\"elementor-post__thumbnail\"><img loading=\"lazy\" decoding=\"async\" width=\"751\" height=\"430\" src=\"https:\/\/www.yourhousemallorca.com\/blog\/wp-content\/uploads\/2024\/03\/ironman-751x430.jpg\" class=\"attachment-post size-post wp-image-452\" alt=\"Ironman\" \/><\/div><\/a>\n\t\t\t\t<div class=\"elementor-post__badge\">Actividades<\/div>\n\t\t\t\t<div class=\"elementor-post__text\">\n\t\t\t\t<h3 class=\"elementor-post__title\">\n\t\t\t<a href=\"https:\/\/www.yourhousemallorca.com\/blog\/ironman-alcudia-mallorca\/\" >\n\t\t\t\tIronman de Alc\u00fadia en Mallorca 2024\t\t\t<\/a>\n\t\t<\/h3>\n\t\t\t\t<\/div>\n\t\t\t\t<div class=\"elementor-post__meta-data\">\n\t\t\t\t\t<span class=\"elementor-post-date\">\n\t\t\tmarzo 20, 2024\t\t<\/span>\n\t\t\t\t<\/div>\n\t\t\t\t\t<\/div>\n\t\t<\/article>\n\t\t\t\t<\/div>\n\t\t\t\t\t<span class=\"e-load-more-spinner\">\n\t\t\t\t<svg aria-hidden=\"true\" class=\"e-font-icon-svg e-fas-spinner\" viewBox=\"0 0 512 512\" xmlns=\"http:\/\/www.w3.org\/2000\/svg\"><path d=\"M304 48c0 26.51-21.49 48-48 48s-48-21.49-48-48 21.49-48 48-48 48 21.49 48 48zm-48 368c-26.51 0-48 21.49-48 48s21.49 48 48 48 48-21.49 48-48-21.49-48-48-48zm208-208c-26.51 0-48 21.49-48 48s21.49 48 48 48 48-21.49 48-48-21.49-48-48-48zM96 256c0-26.51-21.49-48-48-48S0 229.49 0 256s21.49 48 48 48 48-21.49 48-48zm12.922 99.078c-26.51 0-48 21.49-48 48s21.49 48 48 48 48-21.49 48-48c0-26.509-21.491-48-48-48zm294.156 0c-26.51 0-48 21.49-48 48s21.49 48 48 48 48-21.49 48-48c0-26.509-21.49-48-48-48zM108.922 60.922c-26.51 0-48 21.49-48 48s21.49 48 48 48 48-21.49 48-48-21.491-48-48-48z\"><\/path><\/svg>\t\t\t<\/span>\n\t\t\n\t\t\t\t<div class=\"e-load-more-anchor\" data-page=\"1\" data-max-page=\"2\" data-next-page=\"https:\/\/www.yourhousemallorca.com\/blog\/wp-json\/wp\/v2\/pages\/11\/page\/2\/\"><\/div>\n\t\t\t\t<div class=\"e-load-more-message\"><\/div>\n\t\t\t\t<\/div>\n\t\t\t\t<\/div>\n\t\t\t\t\t<\/div>\n\t\t\t\t<\/div>\n\t\t<div class=\"elementor-element elementor-element-e62a960 e-flex e-con-boxed e-con e-parent\" data-id=\"e62a960\" data-element_type=\"container\" data-settings=\"{&quot;content_width&quot;:&quot;boxed&quot;}\" data-core-v316-plus=\"true\">\n\t\t\t\t\t<div class=\"e-con-inner\">\n\t\t\t\t<div class=\"elementor-element elementor-element-a717405 elementor-widget elementor-widget-heading\" data-id=\"a717405\" data-element_type=\"widget\" data-widget_type=\"heading.default\">\n\t\t\t\t<div class=\"elementor-widget-container\">\n\t\t\t<h2 class=\"elementor-heading-title elementor-size-default\">Al\u00f3jate con nosotros en tu viaje a Mallorca<\/h2>\t\t<\/div>\n\t\t\t\t<\/div>\n\t\t\t\t<div class=\"elementor-element elementor-element-e47b134 elementor-widget elementor-widget-text-editor\" data-id=\"e47b134\" data-element_type=\"widget\" data-widget_type=\"text-editor.default\">\n\t\t\t\t<div class=\"elementor-widget-container\">\n\t\t\t\t\t\t\t<div class=\"react-scroll-to-bottom--css-aqgdc-1n7m0yu\"><div class=\"flex flex-col pb-9 text-sm\"><div class=\"w-full text-token-text-primary sm:AIPRM__conversation__response\" data-testid=\"conversation-turn-135\"><div class=\"px-4 py-2 justify-center text-base md:gap-6 m-auto\"><div class=\"flex flex-1 text-base mx-auto gap-3 md:px-5 lg:px-1 xl:px-5 md:max-w-3xl lg:max-w-[40rem] xl:max-w-[48rem] group final-completion\"><div class=\"relative flex w-full flex-col lg:w-[calc(100%-115px)] agent-turn\"><div class=\"flex-col gap-1 md:gap-3\"><div class=\"flex flex-grow flex-col max-w-full\"><div class=\"min-h-[20px] text-message flex flex-col items-start gap-3 whitespace-pre-wrap break-words [.text-message+&amp;]:mt-5 overflow-x-auto\" data-message-author-role=\"assistant\" data-message-id=\"7a414b21-a976-4f41-aa21-2e40d62603c4\"><div class=\"markdown prose w-full break-words dark:prose-invert light AIPRM__conversation__response\"><p>\u00a1Haz que tu estancia en Mallorca sea a\u00fan m\u00e1s especial eligiendo nuestros alojamientos exclusivos! Con ubicaciones estrat\u00e9gicas y comodidades de primera clase, te ofrecemos el escenario perfecto para una escapada inolvidable. \u00a1Reserva ahora y vive la magia de Mallorca con nosotros!<\/p><\/div><\/div><\/div><\/div><\/div><\/div><\/div><\/div><\/div><\/div>\t\t\t\t\t\t<\/div>\n\t\t\t\t<\/div>\n\t\t\t\t\t<\/div>\n\t\t\t\t<\/div>\n\t\t<div class=\"elementor-element elementor-element-8342719 e-flex e-con-boxed e-con e-parent\" data-id=\"8342719\" data-element_type=\"container\" data-settings=\"{&quot;content_width&quot;:&quot;boxed&quot;}\" data-core-v316-plus=\"true\">\n\t\t\t\t\t<div class=\"e-con-inner\">\n\t\t<div class=\"elementor-element elementor-element-0c3252b e-con-full e-flex e-con e-child\" data-id=\"0c3252b\" data-element_type=\"container\" data-settings=\"{&quot;content_width&quot;:&quot;full&quot;,&quot;background_background&quot;:&quot;classic&quot;}\">\n\t\t\t\t<div class=\"elementor-element elementor-element-295d928 elementor-widget elementor-widget-heading\" data-id=\"295d928\" data-element_type=\"widget\" data-widget_type=\"heading.default\">\n\t\t\t\t<div class=\"elementor-widget-container\">\n\t\t\t<h2 class=\"elementor-heading-title elementor-size-default\"><a href=\"https:\/\/www.yourhousemallorca.com\/alquiler\/apartamentos-mallorca-c1e21\/vista-lista\/\">Apartamentos<\/a><\/h2>\t\t<\/div>\n\t\t\t\t<\/div>\n\t\t\t\t<\/div>\n\t\t<div class=\"elementor-element elementor-element-58bc373 e-con-full e-flex e-con e-child\" data-id=\"58bc373\" data-element_type=\"container\" data-settings=\"{&quot;content_width&quot;:&quot;full&quot;,&quot;background_background&quot;:&quot;classic&quot;}\">\n\t\t\t\t<div class=\"elementor-element elementor-element-07b2f36 elementor-widget elementor-widget-heading\" data-id=\"07b2f36\" data-element_type=\"widget\" data-widget_type=\"heading.default\">\n\t\t\t\t<div class=\"elementor-widget-container\">\n\t\t\t<h2 class=\"elementor-heading-title elementor-size-default\"><a href=\"https:\/\/www.yourhousemallorca.com\/alquiler\/casas-mallorca-c19e21\/\">Casas<\/a><\/h2>\t\t<\/div>\n\t\t\t\t<\/div>\n\t\t\t\t<\/div>\n\t\t<div class=\"elementor-element elementor-element-20ed6f6 e-con-full e-flex e-con e-child\" data-id=\"20ed6f6\" data-element_type=\"container\" data-settings=\"{&quot;content_width&quot;:&quot;full&quot;,&quot;background_background&quot;:&quot;classic&quot;}\">\n\t\t\t\t<div class=\"elementor-element elementor-element-2b81d80 elementor-widget elementor-widget-heading\" data-id=\"2b81d80\" data-element_type=\"widget\" data-widget_type=\"heading.default\">\n\t\t\t\t<div class=\"elementor-widget-container\">\n\t\t\t<h2 class=\"elementor-heading-title elementor-size-default\"><a href=\"https:\/\/www.yourhousemallorca.com\/alquiler\/villas-mallorca-c2e21\/\">Villas<\/a><\/h2>\t\t<\/div>\n\t\t\t\t<\/div>\n\t\t\t\t<\/div>\n\t\t\t\t\t<\/div>\n\t\t\t\t<\/div>\n\t\t\t\t\t\t\t<\/div>\n\t\t","protected":false},"excerpt":{"rendered":"<p>Planifica tu viaje a Mallorca con nosotros Descubre Mallorca a trav\u00e9s de nuestra informaci\u00f3n sobre las mejores playas, actividades emocionantes,<\/p>\n","protected":false},"author":2,"featured_media":0,"parent":0,"menu_order":0,"comment_status":"closed","ping_status":"closed","template":"","meta":{"footnotes":""},"class_list":["post-11","page","type-page","status-publish","hentry"],"yoast_head":"<!-- This site is optimized with the Yoast SEO plugin v21.7 - https:\/\/yoast.com\/wordpress\/plugins\/seo\/ -->\n<title>Blog de turismo en Mallorca | Lo mejor de la isla con Yourhouse<\/title>\n<meta name=\"description\" content=\"\u00bfEst\u00e1s planificando tu viaje a Mallorca? Entra en nuestro blog y descubre todas las actividades m\u00e1s relevantes en la isla. Te esperamos.\" \/>\n<meta name=\"robots\" content=\"index, follow, max-snippet:-1, max-image-preview:large, max-video-preview:-1\" \/>\n<link rel=\"canonical\" href=\"https:\/\/www.yourhousemallorca.com\/blog\/\" \/>\n<meta property=\"og:locale\" content=\"es_ES\" \/>\n<meta property=\"og:type\" content=\"article\" \/>\n<meta property=\"og:title\" content=\"Blog de turismo en Mallorca | Lo mejor de la isla con Yourhouse\" \/>\n<meta property=\"og:description\" content=\"\u00bfEst\u00e1s planificando tu viaje a Mallorca? Entra en nuestro blog y descubre todas las actividades m\u00e1s relevantes en la isla. Te esperamos.\" \/>\n<meta property=\"og:url\" content=\"https:\/\/www.yourhousemallorca.com\/blog\/\" \/>\n<meta property=\"og:site_name\" content=\"Mallorca Blog\" \/>\n<meta property=\"article:modified_time\" content=\"2024-05-16T07:24:12+00:00\" \/>\n<meta name=\"twitter:card\" content=\"summary_large_image\" \/>\n<meta name=\"twitter:label1\" content=\"Tiempo de lectura\" \/>\n\t<meta name=\"twitter:data1\" content=\"3 minutos\" \/>\n<script type=\"application\/ld+json\" class=\"yoast-schema-graph\">{\"@context\":\"https:\/\/schema.org\",\"@graph\":[{\"@type\":\"WebPage\",\"@id\":\"https:\/\/www.yourhousemallorca.com\/blog\/\",\"url\":\"https:\/\/www.yourhousemallorca.com\/blog\/\",\"name\":\"Blog de turismo en Mallorca | Lo mejor de la isla con Yourhouse\",\"isPartOf\":{\"@id\":\"https:\/\/www.yourhousemallorca.com\/blog\/#website\"},\"datePublished\":\"2023-12-15T15:38:14+00:00\",\"dateModified\":\"2024-05-16T07:24:12+00:00\",\"description\":\"\u00bfEst\u00e1s planificando tu viaje a Mallorca? Entra en nuestro blog y descubre todas las actividades m\u00e1s relevantes en la isla. Te esperamos.\",\"breadcrumb\":{\"@id\":\"https:\/\/www.yourhousemallorca.com\/blog\/#breadcrumb\"},\"inLanguage\":\"es\",\"potentialAction\":[{\"@type\":\"ReadAction\",\"target\":[\"https:\/\/www.yourhousemallorca.com\/blog\/\"]}]},{\"@type\":\"BreadcrumbList\",\"@id\":\"https:\/\/www.yourhousemallorca.com\/blog\/#breadcrumb\",\"itemListElement\":[{\"@type\":\"ListItem\",\"position\":1,\"name\":\"Portada\",\"item\":\"https:\/\/www.yourhousemallorca.com\/blog\/\"},{\"@type\":\"ListItem\",\"position\":2,\"name\":\"Viajes a Mallorca | Your House Mallorca\"}]},{\"@type\":\"WebSite\",\"@id\":\"https:\/\/www.yourhousemallorca.com\/blog\/#website\",\"url\":\"https:\/\/www.yourhousemallorca.com\/blog\/\",\"name\":\"Mallorca Blog\",\"description\":\"Encuentra toda la informaci\u00f3n tur\u00edstica en nuestro blog de Mallorca. Todos los detalles que necesitas para tu visita\",\"potentialAction\":[{\"@type\":\"SearchAction\",\"target\":{\"@type\":\"EntryPoint\",\"urlTemplate\":\"https:\/\/www.yourhousemallorca.com\/blog\/?s={search_term_string}\"},\"query-input\":\"required name=search_term_string\"}],\"inLanguage\":\"es\"}]}<\/script>\n<!-- \/ Yoast SEO plugin. -->","yoast_head_json":{"title":"Blog de turismo en Mallorca | Lo mejor de la isla con Yourhouse","description":"\u00bfEst\u00e1s planificando tu viaje a Mallorca? Entra en nuestro blog y descubre todas las actividades m\u00e1s relevantes en la isla. Te esperamos.","robots":{"index":"index","follow":"follow","max-snippet":"max-snippet:-1","max-image-preview":"max-image-preview:large","max-video-preview":"max-video-preview:-1"},"canonical":"https:\/\/www.yourhousemallorca.com\/blog\/","og_locale":"es_ES","og_type":"article","og_title":"Blog de turismo en Mallorca | Lo mejor de la isla con Yourhouse","og_description":"\u00bfEst\u00e1s planificando tu viaje a Mallorca? Entra en nuestro blog y descubre todas las actividades m\u00e1s relevantes en la isla. Te esperamos.","og_url":"https:\/\/www.yourhousemallorca.com\/blog\/","og_site_name":"Mallorca Blog","article_modified_time":"2024-05-16T07:24:12+00:00","twitter_card":"summary_large_image","twitter_misc":{"Tiempo de lectura":"3 minutos"},"schema":{"@context":"https:\/\/schema.org","@graph":[{"@type":"WebPage","@id":"https:\/\/www.yourhousemallorca.com\/blog\/","url":"https:\/\/www.yourhousemallorca.com\/blog\/","name":"Blog de turismo en Mallorca | Lo mejor de la isla con Yourhouse","isPartOf":{"@id":"https:\/\/www.yourhousemallorca.com\/blog\/#website"},"datePublished":"2023-12-15T15:38:14+00:00","dateModified":"2024-05-16T07:24:12+00:00","description":"\u00bfEst\u00e1s planificando tu viaje a Mallorca? Entra en nuestro blog y descubre todas las actividades m\u00e1s relevantes en la isla. Te esperamos.","breadcrumb":{"@id":"https:\/\/www.yourhousemallorca.com\/blog\/#breadcrumb"},"inLanguage":"es","potentialAction":[{"@type":"ReadAction","target":["https:\/\/www.yourhousemallorca.com\/blog\/"]}]},{"@type":"BreadcrumbList","@id":"https:\/\/www.yourhousemallorca.com\/blog\/#breadcrumb","itemListElement":[{"@type":"ListItem","position":1,"name":"Portada","item":"https:\/\/www.yourhousemallorca.com\/blog\/"},{"@type":"ListItem","position":2,"name":"Viajes a Mallorca | Your House Mallorca"}]},{"@type":"WebSite","@id":"https:\/\/www.yourhousemallorca.com\/blog\/#website","url":"https:\/\/www.yourhousemallorca.com\/blog\/","name":"Mallorca Blog","description":"Encuentra toda la informaci\u00f3n tur\u00edstica en nuestro blog de Mallorca. Todos los detalles que necesitas para tu visita","potentialAction":[{"@type":"SearchAction","target":{"@type":"EntryPoint","urlTemplate":"https:\/\/www.yourhousemallorca.com\/blog\/?s={search_term_string}"},"query-input":"required name=search_term_string"}],"inLanguage":"es"}]}},"_links":{"self":[{"href":"https:\/\/www.yourhousemallorca.com\/blog\/wp-json\/wp\/v2\/pages\/11","targetHints":{"allow":["GET"]}}],"collection":[{"href":"https:\/\/www.yourhousemallorca.com\/blog\/wp-json\/wp\/v2\/pages"}],"about":[{"href":"https:\/\/www.yourhousemallorca.com\/blog\/wp-json\/wp\/v2\/types\/page"}],"author":[{"embeddable":true,"href":"https:\/\/www.yourhousemallorca.com\/blog\/wp-json\/wp\/v2\/users\/2"}],"replies":[{"embeddable":true,"href":"https:\/\/www.yourhousemallorca.com\/blog\/wp-json\/wp\/v2\/comments?post=11"}],"version-history":[{"count":28,"href":"https:\/\/www.yourhousemallorca.com\/blog\/wp-json\/wp\/v2\/pages\/11\/revisions"}],"predecessor-version":[{"id":759,"href":"https:\/\/www.yourhousemallorca.com\/blog\/wp-json\/wp\/v2\/pages\/11\/revisions\/759"}],"wp:attachment":[{"href":"https:\/\/www.yourhousemallorca.com\/blog\/wp-json\/wp\/v2\/media?parent=11"}],"curies":[{"name":"wp","href":"https:\/\/api.w.org\/{rel}","templated":true}]}}